{"id":110,"date":"2015-01-15T15:27:03","date_gmt":"2015-01-15T13:27:03","guid":{"rendered":"http:\/\/www.fewo-gerstmann.de\/?page_id=110"},"modified":"2024-10-10T08:20:21","modified_gmt":"2024-10-10T06:20:21","slug":"kueche","status":"publish","type":"page","link":"https:\/\/www.fewo-gerstmann.de\/?page_id=110","title":{"rendered":"K\u00fcche"},"content":{"rendered":"<figure id=\"attachment_388\" aria-describedby=\"caption-attachment-388\" style=\"width: 300px\" class=\"wp-caption aligncenter\"><a href=\"https:\/\/www.fewo-gerstmann.de\/wp-content\/uploads\/2024\/09\/Kueche-2-scaled.jpg\"><img loading=\"lazy\" decoding=\"async\" class=\"size-medium wp-image-388\" src=\"https:\/\/www.fewo-gerstmann.de\/wp-content\/uploads\/2024\/09\/Kueche-2-300x225.jpg\" alt=\"\" width=\"300\" height=\"225\" srcset=\"https:\/\/www.fewo-gerstmann.de\/wp-content\/uploads\/2024\/09\/Kueche-2-300x225.jpg 300w, https:\/\/www.fewo-gerstmann.de\/wp-content\/uploads\/2024\/09\/Kueche-2-1024x768.jpg 1024w, https:\/\/www.fewo-gerstmann.de\/wp-content\/uploads\/2024\/09\/Kueche-2-768x576.jpg 768w, https:\/\/www.fewo-gerstmann.de\/wp-content\/uploads\/2024\/09\/Kueche-2-1536x1152.jpg 1536w, https:\/\/www.fewo-gerstmann.de\/wp-content\/uploads\/2024\/09\/Kueche-2-2048x1536.jpg 2048w\" sizes=\"auto, (max-width: 300px) 100vw, 300px\" \/><\/a><figcaption id=\"caption-attachment-388\" class=\"wp-caption-text\">Einbauk\u00fcche mit E-Herd, K\u00fchlschrank und Sp\u00fclmaschine<\/figcaption><\/figure>\n","protected":false},"excerpt":{"rendered":"","protected":false},"author":1,"featured_media":0,"parent":0,"menu_order":0,"comment_status":"closed","ping_status":"open","template":"","meta":{"footnotes":""},"class_list":["post-110","page","type-page","status-publish","hentry","post"],"_links":{"self":[{"href":"https:\/\/www.fewo-gerstmann.de\/index.php?rest_route=\/wp\/v2\/pages\/110","targetHints":{"allow":["GET"]}}],"collection":[{"href":"https:\/\/www.fewo-gerstmann.de\/index.php?rest_route=\/wp\/v2\/pages"}],"about":[{"href":"https:\/\/www.fewo-gerstmann.de\/index.php?rest_route=\/wp\/v2\/types\/page"}],"author":[{"embeddable":true,"href":"https:\/\/www.fewo-gerstmann.de\/index.php?rest_route=\/wp\/v2\/users\/1"}],"replies":[{"embeddable":true,"href":"https:\/\/www.fewo-gerstmann.de\/index.php?rest_route=%2Fwp%2Fv2%2Fcomments&post=110"}],"version-history":[{"count":6,"href":"https:\/\/www.fewo-gerstmann.de\/index.php?rest_route=\/wp\/v2\/pages\/110\/revisions"}],"predecessor-version":[{"id":413,"href":"https:\/\/www.fewo-gerstmann.de\/index.php?rest_route=\/wp\/v2\/pages\/110\/revisions\/413"}],"wp:attachment":[{"href":"https:\/\/www.fewo-gerstmann.de\/index.php?rest_route=%2Fwp%2Fv2%2Fmedia&parent=110"}],"curies":[{"name":"wp","href":"https:\/\/api.w.org\/{rel}","templated":true}]}}