{"id":19,"date":"2014-12-11T11:32:22","date_gmt":"2014-12-11T09:32:22","guid":{"rendered":"http:\/\/www.fewo-gerstmann.de\/?page_id=19"},"modified":"2026-04-07T09:35:20","modified_gmt":"2026-04-07T07:35:20","slug":"preise","status":"publish","type":"page","link":"https:\/\/www.fewo-gerstmann.de\/?page_id=19","title":{"rendered":"Preise"},"content":{"rendered":"<div class=\"kasten_preisinfo\">Preisinformationen. Alle \u00dcbernachtungspreise beziehen sich auf 2 Person(en). \u00a0 F\u00fcr jede weitere Person wird ein Aufschlag von 20.00 \u20ac pro Nacht berechnet.<\/div>\n<div class=\"kasten_preisinfo\">\n<p><strong> Saisonzeitr\u00e4ume <\/strong><\/p>\n<table width=\"100%\">\n<thead>\n<tr>\n<th width=\"25%\"><i> Saisonzeitraum <\/i><\/th>\n<th width=\"20%\"><i> Saisonname <\/i><\/th>\n<th width=\"25%\"><i> Mindestaufenthalt<br \/>\n<\/i><\/th>\n<th width=\"15%\"><i> Saisonpreis\/Nacht <\/i><\/th>\n<th width=\"15%\"><\/th>\n<\/tr>\n<\/thead>\n<tbody>\n<tr>\n<td>23.12.2026 &#8211; 06.01.2027<\/td>\n<td>Weihnachten\/Silvester<\/td>\n<td>4 N\u00e4chte<\/td>\n<td>\n<div>120,00 \u20ac*<\/div>\n<\/td>\n<td><\/td>\n<\/tr>\n<tr>\n<td>07.01.2026 &#8211; 26.03.2026<\/td>\n<td>Nebensaison<\/td>\n<td>3 N\u00e4chte<\/td>\n<td>\n<div>80,00 \u20ac*<\/div>\n<\/td>\n<td><\/td>\n<\/tr>\n<tr>\n<td>27.03.2026 &#8211; 12.04.2026<\/td>\n<td>Osterferien<\/td>\n<td>4 N\u00e4chte<\/td>\n<td>\n<div>90,00 \u20ac*<\/div>\n<\/td>\n<td><\/td>\n<\/tr>\n<tr>\n<td>13.04.2026 &#8211; 16.07.2026<\/td>\n<td>Nebensaison<\/td>\n<td>3 N\u00e4chte<\/td>\n<td>\n<div>80,00 \u20ac*<\/div>\n<\/td>\n<td><\/td>\n<\/tr>\n<tr>\n<td>17.07.2026 &#8211; 01.09.2026<\/td>\n<td>Sommerferien NRW<\/td>\n<td>4 N\u00e4chte<\/td>\n<td>\n<div>85,00 \u20ac*<\/div>\n<\/td>\n<td><\/td>\n<\/tr>\n<tr>\n<td>02.09.2026 &#8211; 15.10.2026<\/td>\n<td>Nebensaison<\/td>\n<td>3 N\u00e4chte<\/td>\n<td>\n<div>80,00 \u20ac*<\/div>\n<\/td>\n<td><\/td>\n<\/tr>\n<tr>\n<td>16.10.2026 &#8211; 01.11.2026<\/td>\n<td>Herbstferien<\/td>\n<td>4 N\u00e4chte<\/td>\n<td>\n<div>85,00 \u20ac*<\/div>\n<\/td>\n<td><\/td>\n<\/tr>\n<tr>\n<td>02.11.2026 &#8211; 22.12.2026<\/td>\n<td>Nebensaison<\/td>\n<td>3 N\u00e4chte<\/td>\n<td>\n<div>80,00 \u20ac*<\/div>\n<\/td>\n<td><\/td>\n<\/tr>\n<\/tbody>\n<\/table>\n<\/div>\n<div class=\"kasten_preisinfo\"><strong> Zusatzpreise<br \/>\n<\/strong><\/p>\n<table width=\"100%\">\n<thead>\n<tr>\n<th width=\"25%\"><i> Leistung <\/i><\/th>\n<th width=\"25%\"><i> Pro <\/i><\/th>\n<th width=\"25%\"><i> Preis <\/i><\/th>\n<th width=\"25%\"><i> Verbindlichkeit <\/i><\/th>\n<\/tr>\n<\/thead>\n<tbody>\n<tr>\n<td>\u00a0Wochenende<\/td>\n<td>\u00a0Freitag bis Sonntag<\/td>\n<td>200 \u20ac f\u00fcr 2 Personen*<\/td>\n<td>optional<\/td>\n<\/tr>\n<tr>\n<td><\/td>\n<td><\/td>\n<td>* incl. Endreinigung<\/td>\n<td><\/td>\n<\/tr>\n<\/tbody>\n<\/table>\n<\/div>\n<div class=\"kasten_preisinfo\">\n<p><strong> Zus\u00e4tzliche Preisinformationen <\/strong><\/p>\n<table style=\"height: 68px;\" width=\"704\">\n<tbody>\n<tr>\n<td>Die Preise gelten f\u00fcr 2-Personen-Belegung, zuz\u00fcglich 20\u20ac f\u00fcr jede weitere Person. F\u00fcr die Endreinigung werden einmalig 40\u20ac berechnet. Die Kurtaxe betr\u00e4gt 2,5\u20ac pro Pers.\/Tag \/ Kinder bis 13 Jahre frei (Erm\u00e4\u00dfigungen und freier \u00d6PNV).<\/td>\n<\/tr>\n<\/tbody>\n<\/table>\n<\/div>\n","protected":false},"excerpt":{"rendered":"<p>Preisinformationen. Alle \u00dcbernachtungspreise beziehen sich auf 2 Person(en). \u00a0 F\u00fcr jede weitere Person wird ein Aufschlag von 20.00 \u20ac pro Nacht berechnet. Saisonzeitr\u00e4ume Saisonzeitraum Saisonname Mindestaufenthalt Saisonpreis\/Nacht 23.12.2026 &#8211; 06.01.2027 Weihnachten\/Silvester 4 N\u00e4chte 120,00 \u20ac* 07.01.2026 &#8211; 26.03.2026 Nebensaison 3 N\u00e4chte 80,00 \u20ac* 27.03.2026 &#8211; 12.04.2026 Osterferien 4 N\u00e4chte 90,00 \u20ac* 13.04.2026 &#8211; 16.07.2026 Nebensaison [&hellip;]<\/p>\n","protected":false},"author":1,"featured_media":0,"parent":0,"menu_order":0,"comment_status":"closed","ping_status":"open","template":"","meta":{"footnotes":""},"class_list":["post-19","page","type-page","status-publish","hentry","post"],"_links":{"self":[{"href":"https:\/\/www.fewo-gerstmann.de\/index.php?rest_route=\/wp\/v2\/pages\/19","targetHints":{"allow":["GET"]}}],"collection":[{"href":"https:\/\/www.fewo-gerstmann.de\/index.php?rest_route=\/wp\/v2\/pages"}],"about":[{"href":"https:\/\/www.fewo-gerstmann.de\/index.php?rest_route=\/wp\/v2\/types\/page"}],"author":[{"embeddable":true,"href":"https:\/\/www.fewo-gerstmann.de\/index.php?rest_route=\/wp\/v2\/users\/1"}],"replies":[{"embeddable":true,"href":"https:\/\/www.fewo-gerstmann.de\/index.php?rest_route=%2Fwp%2Fv2%2Fcomments&post=19"}],"version-history":[{"count":48,"href":"https:\/\/www.fewo-gerstmann.de\/index.php?rest_route=\/wp\/v2\/pages\/19\/revisions"}],"predecessor-version":[{"id":472,"href":"https:\/\/www.fewo-gerstmann.de\/index.php?rest_route=\/wp\/v2\/pages\/19\/revisions\/472"}],"wp:attachment":[{"href":"https:\/\/www.fewo-gerstmann.de\/index.php?rest_route=%2Fwp%2Fv2%2Fmedia&parent=19"}],"curies":[{"name":"wp","href":"https:\/\/api.w.org\/{rel}","templated":true}]}}