{"id":331,"date":"2023-02-16T16:39:17","date_gmt":"2023-02-16T14:39:17","guid":{"rendered":"https:\/\/www.fewo-gerstmann.de\/?page_id=331"},"modified":"2024-10-14T10:14:36","modified_gmt":"2024-10-14T08:14:36","slug":"herzlich-willkommen","status":"publish","type":"page","link":"https:\/\/www.fewo-gerstmann.de\/","title":{"rendered":"Herzlich Willkommen!"},"content":{"rendered":"\n<div class=\"wp-block-columns is-layout-flex wp-container-core-columns-is-layout-9d6595d7 wp-block-columns-is-layout-flex\">\n<div class=\"wp-block-column is-layout-flow wp-block-column-is-layout-flow\"><div id=\"pl-gb331-69e73a0e0c122\"  class=\"panel-layout\" ><div id=\"pg-gb331-69e73a0e0c122-0\"  class=\"panel-grid panel-no-style\" ><div id=\"pgc-gb331-69e73a0e0c122-0-0\"  class=\"panel-grid-cell\" ><div id=\"panel-gb331-69e73a0e0c122-0-0-0\" class=\"so-panel widget widget_sow-editor panel-first-child panel-last-child\" data-index=\"0\" ><div\n\t\t\t\n\t\t\tclass=\"so-widget-sow-editor so-widget-sow-editor-base\"\n\t\t\t\n\t\t>\n<div class=\"siteorigin-widget-tinymce textwidget\">\n\t<p>Lieber Besucher, unsere im Jahre 2024 frisch renovierte Ferienwohnung liegt am Rande des Erholungsortes Wenholthausen und verf\u00fcgt \u00fcber ein romantisches Bergpanorama. Abseits von L\u00e4rm und Stress k\u00f6nnen Sie hier entspannen und die Seele baumeln lassen.<\/p>\n<\/div>\n<\/div><\/div><\/div><\/div><\/div><\/div>\n\n\n\n<div class=\"wp-block-column is-layout-flow wp-block-column-is-layout-flow\"><div id=\"pl-gb331-69e73a0e0d567\"  class=\"panel-layout\" ><div id=\"pg-gb331-69e73a0e0d567-0\"  class=\"panel-grid panel-no-style\" ><div id=\"pgc-gb331-69e73a0e0d567-0-0\"  class=\"panel-grid-cell\" ><div id=\"panel-gb331-69e73a0e0d567-0-0-0\" class=\"so-panel widget widget_sow-editor panel-first-child panel-last-child\" data-index=\"0\" ><div\n\t\t\t\n\t\t\tclass=\"so-widget-sow-editor so-widget-sow-editor-base\"\n\t\t\t\n\t\t>\n<div class=\"siteorigin-widget-tinymce textwidget\">\n\t<p>Nehmen Sie sich Zeit beim St\u00f6bern durch unsere Webseite oder nehmen Sie unverbindlich per Telefon, WhatsApp oder e-mail Kontakt zu uns auf. Wir w\u00fcrden uns freuen Sie in unserer Ferienwohnung begr\u00fc\u00dfen zu d\u00fcrfen.<\/p>\n<\/div>\n<\/div><\/div><\/div><\/div><\/div><\/div>\n<\/div>\n\n\n\n<figure class=\"wp-block-gallery has-nested-images columns-default is-cropped wp-block-gallery-1 is-layout-flex wp-block-gallery-is-layout-flex\">\n<figure class=\"wp-block-image size-large\"><a href=\"https:\/\/www.fewo-gerstmann.de\/wp-content\/uploads\/2015\/01\/DSCI0239.jpg\"><img loading=\"lazy\" decoding=\"async\" width=\"1024\" height=\"768\" data-id=\"151\" src=\"https:\/\/www.fewo-gerstmann.de\/wp-content\/uploads\/2015\/01\/DSCI0239-1024x768.jpg\" alt=\"\" class=\"wp-image-151\" srcset=\"https:\/\/www.fewo-gerstmann.de\/wp-content\/uploads\/2015\/01\/DSCI0239-1024x768.jpg 1024w, https:\/\/www.fewo-gerstmann.de\/wp-content\/uploads\/2015\/01\/DSCI0239-300x225.jpg 300w\" sizes=\"auto, (max-width: 1024px) 100vw, 1024px\" \/><\/a><figcaption class=\"wp-element-caption\">Bank mit Blick auf den Teich<\/figcaption><\/figure>\n\n\n\n<figure class=\"wp-block-image size-large\"><a href=\"https:\/\/www.fewo-gerstmann.de\/wp-content\/uploads\/2024\/10\/Front-Balkon-klein-scaled.jpg\"><img loading=\"lazy\" decoding=\"async\" width=\"1024\" height=\"768\" data-id=\"418\" src=\"https:\/\/www.fewo-gerstmann.de\/wp-content\/uploads\/2024\/10\/Front-Balkon-klein-1024x768.jpg\" alt=\"\" class=\"wp-image-418\" srcset=\"https:\/\/www.fewo-gerstmann.de\/wp-content\/uploads\/2024\/10\/Front-Balkon-klein-1024x768.jpg 1024w, https:\/\/www.fewo-gerstmann.de\/wp-content\/uploads\/2024\/10\/Front-Balkon-klein-300x225.jpg 300w, https:\/\/www.fewo-gerstmann.de\/wp-content\/uploads\/2024\/10\/Front-Balkon-klein-768x576.jpg 768w, https:\/\/www.fewo-gerstmann.de\/wp-content\/uploads\/2024\/10\/Front-Balkon-klein-1536x1152.jpg 1536w, https:\/\/www.fewo-gerstmann.de\/wp-content\/uploads\/2024\/10\/Front-Balkon-klein-2048x1536.jpg 2048w\" sizes=\"auto, (max-width: 1024px) 100vw, 1024px\" \/><\/a><figcaption class=\"wp-element-caption\">Blick auf den Westbalkon<\/figcaption><\/figure>\n<\/figure>\n\n\n\n<figure class=\"wp-block-gallery has-nested-images columns-default is-cropped wp-block-gallery-2 is-layout-flex wp-block-gallery-is-layout-flex\">\n<figure class=\"wp-block-image size-large\"><a href=\"https:\/\/www.fewo-gerstmann.de\/wp-content\/uploads\/2015\/01\/Bild-197.jpg\"><img loading=\"lazy\" decoding=\"async\" width=\"1024\" height=\"768\" data-id=\"134\" src=\"https:\/\/www.fewo-gerstmann.de\/wp-content\/uploads\/2015\/01\/Bild-197-1024x768.jpg\" alt=\"\" class=\"wp-image-134\" srcset=\"https:\/\/www.fewo-gerstmann.de\/wp-content\/uploads\/2015\/01\/Bild-197-1024x768.jpg 1024w, https:\/\/www.fewo-gerstmann.de\/wp-content\/uploads\/2015\/01\/Bild-197-300x224.jpg 300w\" sizes=\"auto, (max-width: 1024px) 100vw, 1024px\" \/><\/a><figcaption class=\"wp-element-caption\">Fr\u00fchst\u00fcck auf dem S\u00fcdbalkon<\/figcaption><\/figure>\n<\/figure>\n\n\n\n<figure class=\"wp-block-image size-large\"><a href=\"https:\/\/www.fewo-gerstmann.de\/wp-content\/uploads\/2015\/01\/DSCI0265.jpg\"><img loading=\"lazy\" decoding=\"async\" width=\"1024\" height=\"768\" src=\"https:\/\/www.fewo-gerstmann.de\/wp-content\/uploads\/2015\/01\/DSCI0265-1024x768.jpg\" alt=\"\" class=\"wp-image-159\" srcset=\"https:\/\/www.fewo-gerstmann.de\/wp-content\/uploads\/2015\/01\/DSCI0265-1024x768.jpg 1024w, https:\/\/www.fewo-gerstmann.de\/wp-content\/uploads\/2015\/01\/DSCI0265-300x225.jpg 300w\" sizes=\"auto, (max-width: 1024px) 100vw, 1024px\" \/><\/a><figcaption class=\"wp-element-caption\">Blick aus dem Garten<\/figcaption><\/figure>\n","protected":false},"excerpt":{"rendered":"","protected":false},"author":1,"featured_media":0,"parent":0,"menu_order":0,"comment_status":"closed","ping_status":"closed","template":"","meta":{"footnotes":""},"class_list":["post-331","page","type-page","status-publish","hentry","post"],"_links":{"self":[{"href":"https:\/\/www.fewo-gerstmann.de\/index.php?rest_route=\/wp\/v2\/pages\/331","targetHints":{"allow":["GET"]}}],"collection":[{"href":"https:\/\/www.fewo-gerstmann.de\/index.php?rest_route=\/wp\/v2\/pages"}],"about":[{"href":"https:\/\/www.fewo-gerstmann.de\/index.php?rest_route=\/wp\/v2\/types\/page"}],"author":[{"embeddable":true,"href":"https:\/\/www.fewo-gerstmann.de\/index.php?rest_route=\/wp\/v2\/users\/1"}],"replies":[{"embeddable":true,"href":"https:\/\/www.fewo-gerstmann.de\/index.php?rest_route=%2Fwp%2Fv2%2Fcomments&post=331"}],"version-history":[{"count":10,"href":"https:\/\/www.fewo-gerstmann.de\/index.php?rest_route=\/wp\/v2\/pages\/331\/revisions"}],"predecessor-version":[{"id":441,"href":"https:\/\/www.fewo-gerstmann.de\/index.php?rest_route=\/wp\/v2\/pages\/331\/revisions\/441"}],"wp:attachment":[{"href":"https:\/\/www.fewo-gerstmann.de\/index.php?rest_route=%2Fwp%2Fv2%2Fmedia&parent=331"}],"curies":[{"name":"wp","href":"https:\/\/api.w.org\/{rel}","templated":true}]}}